{"id":110,"date":"2013-11-02T15:03:44","date_gmt":"2013-11-02T15:03:44","guid":{"rendered":"http:\/\/lephenix.wpengine.com\/?page_id=110"},"modified":"2017-05-02T23:11:33","modified_gmt":"2017-05-02T21:11:33","slug":"a-propos","status":"publish","type":"page","link":"https:\/\/lephenixfrance.com\/fr\/a-propos\/","title":{"rendered":"A propos"},"content":{"rendered":"<p>Tim et Ally Hewett<strong>\u00a0<\/strong>sommes les propri\u00e9taires du Ph\u00e9nix et le dirigeons. Le Ph\u00e9nix tire son nom de l&rsquo;\u00e9tat de la maison quand nous l&rsquo;avons achet\u00e9 &#8211; c&rsquo;est-\u00e0-dire une \u00e9pave!<\/p>\n<p>Il suffit de voir les photos pour appr\u00e9cier l&rsquo;ampleur des travaux !<\/p>\n<p>Nous avons ouvert la chambre d&rsquo;h\u00f4te en Janvier 2004 et depuis, nous avons re\u00e7u des invit\u00e9s de partout dans le monde, a accueilli les mariages, les s\u00e9minaires. \u00a0Tim, \u00a0un excellent cuisinier, \u00a0\u00e9tonne toujours les Fran\u00e7ais que les Anglais peuvent vraiment cuisiner!<\/p>\n","protected":false},"excerpt":{"rendered":"<p>Tim et Ally Hewett\u00a0sommes les propri\u00e9taires du Ph\u00e9nix et le dirigeons. Le Ph\u00e9nix tire son nom de l&rsquo;\u00e9tat de la maison quand nous l&rsquo;avons achet\u00e9 &#8211; c&rsquo;est-\u00e0-dire une \u00e9pave! Il suffit de voir les photos pour appr\u00e9cier l&rsquo;ampleur des travaux ! Nous avons ouvert la chambre d&rsquo;h\u00f4te en Janvier 2004 et depuis, nous avons re\u00e7u&hellip;<\/p>\n","protected":false},"author":3,"featured_media":0,"parent":0,"menu_order":0,"comment_status":"closed","ping_status":"closed","template":"","meta":[],"class_list":["post-110","page","type-page","status-publish","hentry","description-off"],"yoast_head":"<!-- This site is optimized with the Yoast SEO plugin v15.6.2 - https:\/\/yoast.com\/wordpress\/plugins\/seo\/ -->\n<title>A propos - Le Phenix - Chambres et table d&#039;h\u00f4te<\/title>\n<meta name=\"robots\" content=\"index, follow, max-snippet:-1, max-image-preview:large, max-video-preview:-1\" \/>\n<link rel=\"canonical\" href=\"https:\/\/lephenixfrance.com\/fr\/a-propos\/\" \/>\n<meta property=\"og:locale\" content=\"fr_FR\" \/>\n<meta property=\"og:type\" content=\"article\" \/>\n<meta property=\"og:title\" content=\"A propos - Le Phenix - Chambres et table d&#039;h\u00f4te\" \/>\n<meta property=\"og:description\" content=\"Tim et Ally Hewett\u00a0sommes les propri\u00e9taires du Ph\u00e9nix et le dirigeons. Le Ph\u00e9nix tire son nom de l&rsquo;\u00e9tat de la maison quand nous l&rsquo;avons achet\u00e9 &#8211; c&rsquo;est-\u00e0-dire une \u00e9pave! Il suffit de voir les photos pour appr\u00e9cier l&rsquo;ampleur des travaux ! Nous avons ouvert la chambre d&rsquo;h\u00f4te en Janvier 2004 et depuis, nous avons re\u00e7u&hellip;\" \/>\n<meta property=\"og:url\" content=\"https:\/\/lephenixfrance.com\/fr\/a-propos\/\" \/>\n<meta property=\"og:site_name\" content=\"Le Phenix - Chambres et table d&#039;h\u00f4te\" \/>\n<meta property=\"article:modified_time\" content=\"2017-05-02T21:11:33+00:00\" \/>\n<script type=\"application\/ld+json\" class=\"yoast-schema-graph\">{\"@context\":\"https:\/\/schema.org\",\"@graph\":[{\"@type\":\"WebSite\",\"@id\":\"https:\/\/lephenixfrance.com\/#website\",\"url\":\"https:\/\/lephenixfrance.com\/\",\"name\":\"Le Phenix - Chambres et table d&#039;h\\u00f4te\",\"description\":\"Chambres et table d&#039;h\\u00f4te in South West France\",\"inLanguage\":\"fr-FR\"},{\"@type\":\"WebPage\",\"@id\":\"https:\/\/lephenixfrance.com\/fr\/a-propos\/#webpage\",\"url\":\"https:\/\/lephenixfrance.com\/fr\/a-propos\/\",\"name\":\"A propos - Le Phenix - Chambres et table d&#039;h\\u00f4te\",\"isPartOf\":{\"@id\":\"https:\/\/lephenixfrance.com\/#website\"},\"datePublished\":\"2013-11-02T15:03:44+00:00\",\"dateModified\":\"2017-05-02T21:11:33+00:00\",\"inLanguage\":\"fr-FR\",\"potentialAction\":[{\"@type\":\"ReadAction\",\"target\":[\"https:\/\/lephenixfrance.com\/fr\/a-propos\/\"]}]}]}<\/script>\n<!-- \/ Yoast SEO plugin. -->","_links":{"self":[{"href":"https:\/\/lephenixfrance.com\/fr\/wp-json\/wp\/v2\/pages\/110","targetHints":{"allow":["GET"]}}],"collection":[{"href":"https:\/\/lephenixfrance.com\/fr\/wp-json\/wp\/v2\/pages"}],"about":[{"href":"https:\/\/lephenixfrance.com\/fr\/wp-json\/wp\/v2\/types\/page"}],"author":[{"embeddable":true,"href":"https:\/\/lephenixfrance.com\/fr\/wp-json\/wp\/v2\/users\/3"}],"replies":[{"embeddable":true,"href":"https:\/\/lephenixfrance.com\/fr\/wp-json\/wp\/v2\/comments?post=110"}],"version-history":[{"count":0,"href":"https:\/\/lephenixfrance.com\/fr\/wp-json\/wp\/v2\/pages\/110\/revisions"}],"wp:attachment":[{"href":"https:\/\/lephenixfrance.com\/fr\/wp-json\/wp\/v2\/media?parent=110"}],"curies":[{"name":"wp","href":"https:\/\/api.w.org\/{rel}","templated":true}]}}