{"id":127,"date":"2013-11-02T15:41:41","date_gmt":"2013-11-02T15:41:41","guid":{"rendered":"http:\/\/lephenix.wpengine.com\/?page_id=127"},"modified":"2013-12-09T09:18:31","modified_gmt":"2013-12-09T09:18:31","slug":"albi","status":"publish","type":"page","link":"https:\/\/lephenixfrance.com\/fr\/aux-alentours\/albi\/","title":{"rendered":"Albi"},"content":{"rendered":"<p>Albi est la capitale du Tarn et c&rsquo;est une grande gloire avec sa cath\u00e9drale fortifi\u00e9e Sainte C\u00e9cile complet avec ses fresques terrifiantes des sept p\u00e9ch\u00e9s capitaux. En Ao\u00fbt 2010, il est devenu un site du patrimoine mondial de l&rsquo;UNESCO. Attenant \u00e0 la cath\u00e9drale dans le palais de l&rsquo;ancien \u00e9v\u00eaque est le mus\u00e9e Toulouse-Lautrec avex presque tout le travail original de l&rsquo;artiste.<\/p>\n","protected":false},"excerpt":{"rendered":"<p>Albi est la capitale du Tarn et c&rsquo;est une grande gloire avec sa cath\u00e9drale fortifi\u00e9e Sainte C\u00e9cile complet avec ses fresques terrifiantes des sept p\u00e9ch\u00e9s capitaux. En Ao\u00fbt 2010, il est devenu un site du patrimoine mondial de l&rsquo;UNESCO. Attenant \u00e0 la cath\u00e9drale dans le palais de l&rsquo;ancien \u00e9v\u00eaque est le mus\u00e9e Toulouse-Lautrec avex presque&hellip;<\/p>\n","protected":false},"author":3,"featured_media":0,"parent":310,"menu_order":0,"comment_status":"closed","ping_status":"closed","template":"","meta":[],"class_list":["post-127","page","type-page","status-publish","hentry","description-off"],"yoast_head":"<!-- This site is optimized with the Yoast SEO plugin v15.6.2 - https:\/\/yoast.com\/wordpress\/plugins\/seo\/ -->\n<title>Albi - Le Phenix - Chambres et table d&#039;h\u00f4te<\/title>\n<meta name=\"robots\" content=\"index, follow, max-snippet:-1, max-image-preview:large, max-video-preview:-1\" \/>\n<link rel=\"canonical\" href=\"https:\/\/lephenixfrance.com\/fr\/aux-alentours\/albi\/\" \/>\n<meta property=\"og:locale\" content=\"fr_FR\" \/>\n<meta property=\"og:type\" content=\"article\" \/>\n<meta property=\"og:title\" content=\"Albi - Le Phenix - Chambres et table d&#039;h\u00f4te\" \/>\n<meta property=\"og:description\" content=\"Albi est la capitale du Tarn et c&rsquo;est une grande gloire avec sa cath\u00e9drale fortifi\u00e9e Sainte C\u00e9cile complet avec ses fresques terrifiantes des sept p\u00e9ch\u00e9s capitaux. En Ao\u00fbt 2010, il est devenu un site du patrimoine mondial de l&rsquo;UNESCO. Attenant \u00e0 la cath\u00e9drale dans le palais de l&rsquo;ancien \u00e9v\u00eaque est le mus\u00e9e Toulouse-Lautrec avex presque&hellip;\" \/>\n<meta property=\"og:url\" content=\"https:\/\/lephenixfrance.com\/fr\/aux-alentours\/albi\/\" \/>\n<meta property=\"og:site_name\" content=\"Le Phenix - Chambres et table d&#039;h\u00f4te\" \/>\n<meta property=\"article:modified_time\" content=\"2013-12-09T09:18:31+00:00\" \/>\n<script type=\"application\/ld+json\" class=\"yoast-schema-graph\">{\"@context\":\"https:\/\/schema.org\",\"@graph\":[{\"@type\":\"WebSite\",\"@id\":\"https:\/\/lephenixfrance.com\/#website\",\"url\":\"https:\/\/lephenixfrance.com\/\",\"name\":\"Le Phenix - Chambres et table d&#039;h\\u00f4te\",\"description\":\"Chambres et table d&#039;h\\u00f4te in South West France\",\"inLanguage\":\"fr-FR\"},{\"@type\":\"WebPage\",\"@id\":\"https:\/\/lephenixfrance.com\/fr\/aux-alentours\/albi\/#webpage\",\"url\":\"https:\/\/lephenixfrance.com\/fr\/aux-alentours\/albi\/\",\"name\":\"Albi - Le Phenix - Chambres et table d&#039;h\\u00f4te\",\"isPartOf\":{\"@id\":\"https:\/\/lephenixfrance.com\/#website\"},\"datePublished\":\"2013-11-02T15:41:41+00:00\",\"dateModified\":\"2013-12-09T09:18:31+00:00\",\"inLanguage\":\"fr-FR\",\"potentialAction\":[{\"@type\":\"ReadAction\",\"target\":[\"https:\/\/lephenixfrance.com\/fr\/aux-alentours\/albi\/\"]}]}]}<\/script>\n<!-- \/ Yoast SEO plugin. -->","_links":{"self":[{"href":"https:\/\/lephenixfrance.com\/fr\/wp-json\/wp\/v2\/pages\/127","targetHints":{"allow":["GET"]}}],"collection":[{"href":"https:\/\/lephenixfrance.com\/fr\/wp-json\/wp\/v2\/pages"}],"about":[{"href":"https:\/\/lephenixfrance.com\/fr\/wp-json\/wp\/v2\/types\/page"}],"author":[{"embeddable":true,"href":"https:\/\/lephenixfrance.com\/fr\/wp-json\/wp\/v2\/users\/3"}],"replies":[{"embeddable":true,"href":"https:\/\/lephenixfrance.com\/fr\/wp-json\/wp\/v2\/comments?post=127"}],"version-history":[{"count":0,"href":"https:\/\/lephenixfrance.com\/fr\/wp-json\/wp\/v2\/pages\/127\/revisions"}],"up":[{"embeddable":true,"href":"https:\/\/lephenixfrance.com\/fr\/wp-json\/wp\/v2\/pages\/310"}],"wp:attachment":[{"href":"https:\/\/lephenixfrance.com\/fr\/wp-json\/wp\/v2\/media?parent=127"}],"curies":[{"name":"wp","href":"https:\/\/api.w.org\/{rel}","templated":true}]}}