{"id":133,"date":"2013-11-02T15:45:59","date_gmt":"2013-11-02T15:45:59","guid":{"rendered":"http:\/\/lephenix.wpengine.com\/?page_id=133"},"modified":"2013-12-09T09:19:41","modified_gmt":"2013-12-09T09:19:41","slug":"cordes","status":"publish","type":"page","link":"https:\/\/lephenixfrance.com\/fr\/aux-alentours\/cordes\/","title":{"rendered":"Cordes"},"content":{"rendered":"<p>Cordes est une des villes m\u00e9di\u00e9vales le plus significatives de France et un des plus hauts lieux du patrimoine europ\u00e9en. Une Cit\u00e9 du XIII\u00e8me si\u00e9cle est l&rsquo;h\u00e9riti\u00e8re d&rsquo;un patrimoine m\u00e9di\u00e9val et d&rsquo;\u00e9difices religieux admirablement conserv\u00e9s.<\/p>\n","protected":false},"excerpt":{"rendered":"<p>Cordes est une des villes m\u00e9di\u00e9vales le plus significatives de France et un des plus hauts lieux du patrimoine europ\u00e9en. Une Cit\u00e9 du XIII\u00e8me si\u00e9cle est l&rsquo;h\u00e9riti\u00e8re d&rsquo;un patrimoine m\u00e9di\u00e9val et d&rsquo;\u00e9difices religieux admirablement conserv\u00e9s.<\/p>\n","protected":false},"author":3,"featured_media":0,"parent":310,"menu_order":0,"comment_status":"closed","ping_status":"closed","template":"","meta":[],"class_list":["post-133","page","type-page","status-publish","hentry","description-off"],"yoast_head":"<!-- This site is optimized with the Yoast SEO plugin v15.6.2 - https:\/\/yoast.com\/wordpress\/plugins\/seo\/ -->\n<title>Cordes - Le Phenix - Chambres et table d&#039;h\u00f4te<\/title>\n<meta name=\"robots\" content=\"index, follow, max-snippet:-1, max-image-preview:large, max-video-preview:-1\" \/>\n<link rel=\"canonical\" href=\"https:\/\/lephenixfrance.com\/fr\/aux-alentours\/cordes\/\" \/>\n<meta property=\"og:locale\" content=\"fr_FR\" \/>\n<meta property=\"og:type\" content=\"article\" \/>\n<meta property=\"og:title\" content=\"Cordes - Le Phenix - Chambres et table d&#039;h\u00f4te\" \/>\n<meta property=\"og:description\" content=\"Cordes est une des villes m\u00e9di\u00e9vales le plus significatives de France et un des plus hauts lieux du patrimoine europ\u00e9en. Une Cit\u00e9 du XIII\u00e8me si\u00e9cle est l&rsquo;h\u00e9riti\u00e8re d&rsquo;un patrimoine m\u00e9di\u00e9val et d&rsquo;\u00e9difices religieux admirablement conserv\u00e9s.\" \/>\n<meta property=\"og:url\" content=\"https:\/\/lephenixfrance.com\/fr\/aux-alentours\/cordes\/\" \/>\n<meta property=\"og:site_name\" content=\"Le Phenix - Chambres et table d&#039;h\u00f4te\" \/>\n<meta property=\"article:modified_time\" content=\"2013-12-09T09:19:41+00:00\" \/>\n<script type=\"application\/ld+json\" class=\"yoast-schema-graph\">{\"@context\":\"https:\/\/schema.org\",\"@graph\":[{\"@type\":\"WebSite\",\"@id\":\"https:\/\/lephenixfrance.com\/#website\",\"url\":\"https:\/\/lephenixfrance.com\/\",\"name\":\"Le Phenix - Chambres et table d&#039;h\\u00f4te\",\"description\":\"Chambres et table d&#039;h\\u00f4te in South West France\",\"inLanguage\":\"fr-FR\"},{\"@type\":\"WebPage\",\"@id\":\"https:\/\/lephenixfrance.com\/fr\/aux-alentours\/cordes\/#webpage\",\"url\":\"https:\/\/lephenixfrance.com\/fr\/aux-alentours\/cordes\/\",\"name\":\"Cordes - Le Phenix - Chambres et table d&#039;h\\u00f4te\",\"isPartOf\":{\"@id\":\"https:\/\/lephenixfrance.com\/#website\"},\"datePublished\":\"2013-11-02T15:45:59+00:00\",\"dateModified\":\"2013-12-09T09:19:41+00:00\",\"inLanguage\":\"fr-FR\",\"potentialAction\":[{\"@type\":\"ReadAction\",\"target\":[\"https:\/\/lephenixfrance.com\/fr\/aux-alentours\/cordes\/\"]}]}]}<\/script>\n<!-- \/ Yoast SEO plugin. -->","_links":{"self":[{"href":"https:\/\/lephenixfrance.com\/fr\/wp-json\/wp\/v2\/pages\/133","targetHints":{"allow":["GET"]}}],"collection":[{"href":"https:\/\/lephenixfrance.com\/fr\/wp-json\/wp\/v2\/pages"}],"about":[{"href":"https:\/\/lephenixfrance.com\/fr\/wp-json\/wp\/v2\/types\/page"}],"author":[{"embeddable":true,"href":"https:\/\/lephenixfrance.com\/fr\/wp-json\/wp\/v2\/users\/3"}],"replies":[{"embeddable":true,"href":"https:\/\/lephenixfrance.com\/fr\/wp-json\/wp\/v2\/comments?post=133"}],"version-history":[{"count":0,"href":"https:\/\/lephenixfrance.com\/fr\/wp-json\/wp\/v2\/pages\/133\/revisions"}],"up":[{"embeddable":true,"href":"https:\/\/lephenixfrance.com\/fr\/wp-json\/wp\/v2\/pages\/310"}],"wp:attachment":[{"href":"https:\/\/lephenixfrance.com\/fr\/wp-json\/wp\/v2\/media?parent=133"}],"curies":[{"name":"wp","href":"https:\/\/api.w.org\/{rel}","templated":true}]}}