{"id":135,"date":"2013-11-02T15:46:46","date_gmt":"2013-11-02T15:46:46","guid":{"rendered":"http:\/\/lephenix.wpengine.com\/?page_id=135"},"modified":"2013-12-09T09:17:49","modified_gmt":"2013-12-09T09:17:49","slug":"toulouse","status":"publish","type":"page","link":"https:\/\/lephenixfrance.com\/fr\/aux-alentours\/toulouse\/","title":{"rendered":"Toulouse"},"content":{"rendered":"<p>Toulouse, capitale de la grande r\u00e9gion Midi-Pyr\u00e9n\u00e9es, est la 4\u00e8me ville de France. Avec plus de 700.000 habitants, l&rsquo;agglom\u00e9ration toulousaine compte parmi les toutes premi\u00e8res m\u00e9tropoles de l&rsquo;Europe du Sud. De la Garonne au Canal du Midi et de Saint Sernin \u00e0 la Cite de l&rsquo;Espace, Toulouse s\u00e8me des invitations \u00e0 venir d\u00e9couvrir ses nombreux visages.<\/p>\n","protected":false},"excerpt":{"rendered":"<p>Toulouse, capitale de la grande r\u00e9gion Midi-Pyr\u00e9n\u00e9es, est la 4\u00e8me ville de France. Avec plus de 700.000 habitants, l&rsquo;agglom\u00e9ration toulousaine compte parmi les toutes premi\u00e8res m\u00e9tropoles de l&rsquo;Europe du Sud. De la Garonne au Canal du Midi et de Saint Sernin \u00e0 la Cite de l&rsquo;Espace, Toulouse s\u00e8me des invitations \u00e0 venir d\u00e9couvrir ses nombreux&hellip;<\/p>\n","protected":false},"author":3,"featured_media":0,"parent":310,"menu_order":0,"comment_status":"closed","ping_status":"closed","template":"","meta":[],"class_list":["post-135","page","type-page","status-publish","hentry","description-off"],"yoast_head":"<!-- This site is optimized with the Yoast SEO plugin v15.6.2 - https:\/\/yoast.com\/wordpress\/plugins\/seo\/ -->\n<title>Toulouse - Le Phenix - Chambres et table d&#039;h\u00f4te<\/title>\n<meta name=\"robots\" content=\"index, follow, max-snippet:-1, max-image-preview:large, max-video-preview:-1\" \/>\n<link rel=\"canonical\" href=\"https:\/\/lephenixfrance.com\/fr\/aux-alentours\/toulouse\/\" \/>\n<meta property=\"og:locale\" content=\"fr_FR\" \/>\n<meta property=\"og:type\" content=\"article\" \/>\n<meta property=\"og:title\" content=\"Toulouse - Le Phenix - Chambres et table d&#039;h\u00f4te\" \/>\n<meta property=\"og:description\" content=\"Toulouse, capitale de la grande r\u00e9gion Midi-Pyr\u00e9n\u00e9es, est la 4\u00e8me ville de France. Avec plus de 700.000 habitants, l&rsquo;agglom\u00e9ration toulousaine compte parmi les toutes premi\u00e8res m\u00e9tropoles de l&rsquo;Europe du Sud. De la Garonne au Canal du Midi et de Saint Sernin \u00e0 la Cite de l&rsquo;Espace, Toulouse s\u00e8me des invitations \u00e0 venir d\u00e9couvrir ses nombreux&hellip;\" \/>\n<meta property=\"og:url\" content=\"https:\/\/lephenixfrance.com\/fr\/aux-alentours\/toulouse\/\" \/>\n<meta property=\"og:site_name\" content=\"Le Phenix - Chambres et table d&#039;h\u00f4te\" \/>\n<meta property=\"article:modified_time\" content=\"2013-12-09T09:17:49+00:00\" \/>\n<script type=\"application\/ld+json\" class=\"yoast-schema-graph\">{\"@context\":\"https:\/\/schema.org\",\"@graph\":[{\"@type\":\"WebSite\",\"@id\":\"https:\/\/lephenixfrance.com\/#website\",\"url\":\"https:\/\/lephenixfrance.com\/\",\"name\":\"Le Phenix - Chambres et table d&#039;h\\u00f4te\",\"description\":\"Chambres et table d&#039;h\\u00f4te in South West France\",\"inLanguage\":\"fr-FR\"},{\"@type\":\"WebPage\",\"@id\":\"https:\/\/lephenixfrance.com\/fr\/aux-alentours\/toulouse\/#webpage\",\"url\":\"https:\/\/lephenixfrance.com\/fr\/aux-alentours\/toulouse\/\",\"name\":\"Toulouse - Le Phenix - Chambres et table d&#039;h\\u00f4te\",\"isPartOf\":{\"@id\":\"https:\/\/lephenixfrance.com\/#website\"},\"datePublished\":\"2013-11-02T15:46:46+00:00\",\"dateModified\":\"2013-12-09T09:17:49+00:00\",\"inLanguage\":\"fr-FR\",\"potentialAction\":[{\"@type\":\"ReadAction\",\"target\":[\"https:\/\/lephenixfrance.com\/fr\/aux-alentours\/toulouse\/\"]}]}]}<\/script>\n<!-- \/ Yoast SEO plugin. -->","_links":{"self":[{"href":"https:\/\/lephenixfrance.com\/fr\/wp-json\/wp\/v2\/pages\/135","targetHints":{"allow":["GET"]}}],"collection":[{"href":"https:\/\/lephenixfrance.com\/fr\/wp-json\/wp\/v2\/pages"}],"about":[{"href":"https:\/\/lephenixfrance.com\/fr\/wp-json\/wp\/v2\/types\/page"}],"author":[{"embeddable":true,"href":"https:\/\/lephenixfrance.com\/fr\/wp-json\/wp\/v2\/users\/3"}],"replies":[{"embeddable":true,"href":"https:\/\/lephenixfrance.com\/fr\/wp-json\/wp\/v2\/comments?post=135"}],"version-history":[{"count":0,"href":"https:\/\/lephenixfrance.com\/fr\/wp-json\/wp\/v2\/pages\/135\/revisions"}],"up":[{"embeddable":true,"href":"https:\/\/lephenixfrance.com\/fr\/wp-json\/wp\/v2\/pages\/310"}],"wp:attachment":[{"href":"https:\/\/lephenixfrance.com\/fr\/wp-json\/wp\/v2\/media?parent=135"}],"curies":[{"name":"wp","href":"https:\/\/api.w.org\/{rel}","templated":true}]}}