{"id":151,"date":"2013-11-02T20:25:48","date_gmt":"2013-11-02T20:25:48","guid":{"rendered":"http:\/\/lephenix.wpengine.com\/?page_id=151"},"modified":"2013-12-09T09:17:14","modified_gmt":"2013-12-09T09:17:14","slug":"a-15-minutes-du-phenix","status":"publish","type":"page","link":"https:\/\/lephenixfrance.com\/fr\/aux-alentours\/a-15-minutes-du-phenix\/","title":{"rendered":"A 15 minutes du Ph\u00e9nix &#8230;."},"content":{"rendered":"<p>La bastide de Saint- Sulpice, \u00e0 11 km , a \u00e9t\u00e9 fond\u00e9e en 1247 et les visiteurs peuvent maintenant explorer les souterrains myst\u00e9rieux de 13\u00e8me si\u00e8cle ch\u00e2teau de la ville. Creus\u00e9 au cours du 10e si\u00e8cle, avec une longueur de 150m, vous pouvez marcher \u00e0 l&rsquo;int\u00e9rieur, d\u00e9couvrez les chambres et les galeries qui abritaient les villageois il y a plus de mille ans. Le ch\u00e2teau ou \u00a0\u00bb Castela \u00a0\u00bb a \u00e9t\u00e9 d\u00e9truit pendant les guerres de religion au XVIe si\u00e8cle et aujourd&rsquo;hui, vous pouvez faire une promenade et un pique-nique dans les ruines des fortifications et de la chapelle . L&rsquo;\u00e9glise qui a \u00e9t\u00e9 construite comme une forteresse du 14\u00e8me si\u00e8cle dispose d&rsquo;un 40m clocher-mur qui est remarquable.<\/p>\n<p>Le charmant village de Giroussens \u00e0 11km, \u00a0offre une splendide vue panoramique sur les rives de l&rsquo;Agout et les plaines environnantes. De 1580 \u00e0 1800, le village comptait plus de 500 potiers et est aujourd&rsquo;hui encore le seul endroit dans la r\u00e9gion Midi Pyr\u00e9n\u00e9es exclusivement d\u00e9di\u00e9 \u00e0 la c\u00e9ramique contemporaine . Il y a un atelier de formation, mus\u00e9e, boutique et la galerie et atelier pour promouvoir potiers qui commencent tout juste.<br \/>\nLes jardins, Jardins des Martels \u00e0 Giroussens , sont belles et couvrent 3,5 ha avec plus de 2000 vari\u00e9t\u00e9s de plantes des 5 continents . De nombreux \u00e9tangs envahis de n\u00e9nuphars rustiques et exotiques. Serres tropicales avec des dates , des bananes et des foug\u00e8res arborescentes . Il y a aussi une mini-ferme avec de nombreux animaux vivant en semi-libert\u00e9 dans les troupeaux : daims, ch\u00e8vres Angora et des S\u00e9n\u00e9gal, poneys et cochons chinois et des poulets et des canards d&rsquo;ornement. Faites votre voyage \u00e0 la partie du jardin avec le chemin de fer \u00e0 voie \u00e9troite de Saint Lieux les Lavaur.<\/p>\n<p>La bastide de Lisle sur Tarn (14km) , construit au 13\u00e8me si\u00e8cle par le comte de Toulouse, est au c\u0153ur des vignobles de Gaillac et a r\u00e9ussi \u00e0 garder son architecture originale et son aspect de jour Olden : plan de la ville en quadrillage , un grand place de la ville avec ses arcades , Pountets ( passages couverts entre les b\u00e2timents ), \u00e9glise, maisons de ville et les maisons \u00e0 colombages.<br \/>\nL&rsquo;architecture fortifi\u00e9e typique, la plus grande des places de la ville arcades dans le sud-ouest , les vignobles mill\u00e9naires o\u00f9 vous rencontrerez fervents, les producteurs copieuses de vin, un mus\u00e9e du comt\u00e9, ainsi que des festivals et des \u00e9v\u00e9nements toute l&rsquo;ann\u00e9e donnent Lisle -sur- Tarn une jolie appel caract\u00e8re. Lisle -sur- Tarn est la seule ville fortifi\u00e9e sur la plaine du Tarn \u00e0 poss\u00e9der un port. D\u00e8s le 13e si\u00e8cle, la ville comptait une \u00e9conomie florissante , principalement due \u00e0 la production pastel et plus tard avec la fabrication du vin .<br \/>\nGaillac<br \/>\nGaillac est une ville de march\u00e9 anim\u00e9e, au centre de l&rsquo;industrie du vin local. Un circuit bien sign\u00e9 vous invite \u00e0 faire un tour de voiture des vignobles locaux, go\u00fbter et comparer.<\/p>\n","protected":false},"excerpt":{"rendered":"<p>La bastide de Saint- Sulpice, \u00e0 11 km , a \u00e9t\u00e9 fond\u00e9e en 1247 et les visiteurs peuvent maintenant explorer les souterrains myst\u00e9rieux de 13\u00e8me si\u00e8cle ch\u00e2teau de la ville. Creus\u00e9 au cours du 10e si\u00e8cle, avec une longueur de 150m, vous pouvez marcher \u00e0 l&rsquo;int\u00e9rieur, d\u00e9couvrez les chambres et les galeries qui abritaient les&hellip;<\/p>\n","protected":false},"author":3,"featured_media":0,"parent":310,"menu_order":0,"comment_status":"closed","ping_status":"closed","template":"","meta":[],"class_list":["post-151","page","type-page","status-publish","hentry","description-off"],"yoast_head":"<!-- This site is optimized with the Yoast SEO plugin v15.6.2 - https:\/\/yoast.com\/wordpress\/plugins\/seo\/ -->\n<title>A 15 minutes du Ph\u00e9nix .... - Le Phenix - Chambres et table d&#039;h\u00f4te<\/title>\n<meta name=\"robots\" content=\"index, follow, max-snippet:-1, max-image-preview:large, max-video-preview:-1\" \/>\n<link rel=\"canonical\" href=\"https:\/\/lephenixfrance.com\/fr\/aux-alentours\/a-15-minutes-du-phenix\/\" \/>\n<meta property=\"og:locale\" content=\"fr_FR\" \/>\n<meta property=\"og:type\" content=\"article\" \/>\n<meta property=\"og:title\" content=\"A 15 minutes du Ph\u00e9nix .... - Le Phenix - Chambres et table d&#039;h\u00f4te\" \/>\n<meta property=\"og:description\" content=\"La bastide de Saint- Sulpice, \u00e0 11 km , a \u00e9t\u00e9 fond\u00e9e en 1247 et les visiteurs peuvent maintenant explorer les souterrains myst\u00e9rieux de 13\u00e8me si\u00e8cle ch\u00e2teau de la ville. Creus\u00e9 au cours du 10e si\u00e8cle, avec une longueur de 150m, vous pouvez marcher \u00e0 l&rsquo;int\u00e9rieur, d\u00e9couvrez les chambres et les galeries qui abritaient les&hellip;\" \/>\n<meta property=\"og:url\" content=\"https:\/\/lephenixfrance.com\/fr\/aux-alentours\/a-15-minutes-du-phenix\/\" \/>\n<meta property=\"og:site_name\" content=\"Le Phenix - Chambres et table d&#039;h\u00f4te\" \/>\n<meta property=\"article:modified_time\" content=\"2013-12-09T09:17:14+00:00\" \/>\n<meta name=\"twitter:label1\" content=\"Dur\u00e9e de lecture est.\">\n\t<meta name=\"twitter:data1\" content=\"2 minutes\">\n<script type=\"application\/ld+json\" class=\"yoast-schema-graph\">{\"@context\":\"https:\/\/schema.org\",\"@graph\":[{\"@type\":\"WebSite\",\"@id\":\"https:\/\/lephenixfrance.com\/#website\",\"url\":\"https:\/\/lephenixfrance.com\/\",\"name\":\"Le Phenix - Chambres et table d&#039;h\\u00f4te\",\"description\":\"Chambres et table d&#039;h\\u00f4te in South West France\",\"inLanguage\":\"fr-FR\"},{\"@type\":\"WebPage\",\"@id\":\"https:\/\/lephenixfrance.com\/fr\/aux-alentours\/a-15-minutes-du-phenix\/#webpage\",\"url\":\"https:\/\/lephenixfrance.com\/fr\/aux-alentours\/a-15-minutes-du-phenix\/\",\"name\":\"A 15 minutes du Ph\\u00e9nix .... - Le Phenix - Chambres et table d&#039;h\\u00f4te\",\"isPartOf\":{\"@id\":\"https:\/\/lephenixfrance.com\/#website\"},\"datePublished\":\"2013-11-02T20:25:48+00:00\",\"dateModified\":\"2013-12-09T09:17:14+00:00\",\"inLanguage\":\"fr-FR\",\"potentialAction\":[{\"@type\":\"ReadAction\",\"target\":[\"https:\/\/lephenixfrance.com\/fr\/aux-alentours\/a-15-minutes-du-phenix\/\"]}]}]}<\/script>\n<!-- \/ Yoast SEO plugin. -->","_links":{"self":[{"href":"https:\/\/lephenixfrance.com\/fr\/wp-json\/wp\/v2\/pages\/151","targetHints":{"allow":["GET"]}}],"collection":[{"href":"https:\/\/lephenixfrance.com\/fr\/wp-json\/wp\/v2\/pages"}],"about":[{"href":"https:\/\/lephenixfrance.com\/fr\/wp-json\/wp\/v2\/types\/page"}],"author":[{"embeddable":true,"href":"https:\/\/lephenixfrance.com\/fr\/wp-json\/wp\/v2\/users\/3"}],"replies":[{"embeddable":true,"href":"https:\/\/lephenixfrance.com\/fr\/wp-json\/wp\/v2\/comments?post=151"}],"version-history":[{"count":0,"href":"https:\/\/lephenixfrance.com\/fr\/wp-json\/wp\/v2\/pages\/151\/revisions"}],"up":[{"embeddable":true,"href":"https:\/\/lephenixfrance.com\/fr\/wp-json\/wp\/v2\/pages\/310"}],"wp:attachment":[{"href":"https:\/\/lephenixfrance.com\/fr\/wp-json\/wp\/v2\/media?parent=151"}],"curies":[{"name":"wp","href":"https:\/\/api.w.org\/{rel}","templated":true}]}}