{"id":222,"date":"2013-11-03T20:54:34","date_gmt":"2013-11-03T20:54:34","guid":{"rendered":"http:\/\/lephenix.wpengine.com\/?page_id=222"},"modified":"2013-12-08T17:17:38","modified_gmt":"2013-12-08T17:17:38","slug":"nos-chambres","status":"publish","type":"page","link":"https:\/\/lephenixfrance.com\/fr\/nos-chambres\/","title":{"rendered":"Nos Chambres"},"content":{"rendered":"<p>Le Ph\u00e9nix dispose six chambres joliment d\u00e9cor\u00e9es, toutes avec salle de bains dont deux sont des suites familiales. Lits de haute qualit\u00e9, des oreillers et des couettes garantissent une bonne nuit de sommeil. Parfois, ses petites choses qui comptent &#8230;. les produits de toilette compl\u00e9mentaires de Graine de Pastel offrent la possibilit\u00e9 \u00e0 nos clients de se faire plaisir, peignoirs et s\u00e8che-cheveux ! Toutes les chambres ont du beau parquet et sont d\u00e9cor\u00e9es avec go\u00fbt . Tous nos clients ont acc\u00e8s \u00e0 une petite cuisine qui a un micro-ondes, r\u00e9frig\u00e9rateur, caf\u00e9 et th\u00e9 et et bien s\u00fbr les essentiels comme le fer et planche \u00e0 repasser. Pour les familles avec jeunes enfants, nous avons des lits et des &lsquo;allo b\u00e9b\u00e9s&rsquo; \u00a0disponibles sans frais suppl\u00e9mentaires &#8211; dites nous au moment de la r\u00e9servation, si vous en avez besoin .<\/p>\n<p>Toutes nos chambres sont avec le petit d\u00e9jeuner inclus dans le prix de la chambre.<\/p>\n<p>Le petit-d\u00e9jeuner peut \u00eatre pris dans la salle \u00e0 manger, sur la terrasse ou dans la v\u00e9randa donnant sur la piscine. Le petit-d\u00e9jeuner compos\u00e9 des pains traditionnels fran\u00e7ais, g\u00e2teaux, c\u00e9r\u00e9ales et p\u00e2tisseries tous faits maison avec des fruits frais et des yaourts.<\/p>\n","protected":false},"excerpt":{"rendered":"<p>Le Ph\u00e9nix dispose six chambres joliment d\u00e9cor\u00e9es, toutes avec salle de bains dont deux sont des suites familiales. Lits de haute qualit\u00e9, des oreillers et des couettes garantissent une bonne nuit de sommeil. Parfois, ses petites choses qui comptent &#8230;. les produits de toilette compl\u00e9mentaires de Graine de Pastel offrent la possibilit\u00e9 \u00e0 nos clients&hellip;<\/p>\n","protected":false},"author":3,"featured_media":0,"parent":0,"menu_order":0,"comment_status":"closed","ping_status":"closed","template":"","meta":[],"class_list":["post-222","page","type-page","status-publish","hentry","description-off"],"yoast_head":"<!-- This site is optimized with the Yoast SEO plugin v15.6.2 - https:\/\/yoast.com\/wordpress\/plugins\/seo\/ -->\n<title>Nos Chambres - Le Phenix - Chambres et table d&#039;h\u00f4te<\/title>\n<meta name=\"robots\" content=\"index, follow, max-snippet:-1, max-image-preview:large, max-video-preview:-1\" \/>\n<link rel=\"canonical\" href=\"https:\/\/lephenixfrance.com\/fr\/nos-chambres\/\" \/>\n<meta property=\"og:locale\" content=\"fr_FR\" \/>\n<meta property=\"og:type\" content=\"article\" \/>\n<meta property=\"og:title\" content=\"Nos Chambres - Le Phenix - Chambres et table d&#039;h\u00f4te\" \/>\n<meta property=\"og:description\" content=\"Le Ph\u00e9nix dispose six chambres joliment d\u00e9cor\u00e9es, toutes avec salle de bains dont deux sont des suites familiales. Lits de haute qualit\u00e9, des oreillers et des couettes garantissent une bonne nuit de sommeil. Parfois, ses petites choses qui comptent &#8230;. les produits de toilette compl\u00e9mentaires de Graine de Pastel offrent la possibilit\u00e9 \u00e0 nos clients&hellip;\" \/>\n<meta property=\"og:url\" content=\"https:\/\/lephenixfrance.com\/fr\/nos-chambres\/\" \/>\n<meta property=\"og:site_name\" content=\"Le Phenix - Chambres et table d&#039;h\u00f4te\" \/>\n<meta property=\"article:modified_time\" content=\"2013-12-08T17:17:38+00:00\" \/>\n<meta name=\"twitter:label1\" content=\"Dur\u00e9e de lecture est.\">\n\t<meta name=\"twitter:data1\" content=\"1 minute\">\n<script type=\"application\/ld+json\" class=\"yoast-schema-graph\">{\"@context\":\"https:\/\/schema.org\",\"@graph\":[{\"@type\":\"WebSite\",\"@id\":\"https:\/\/lephenixfrance.com\/#website\",\"url\":\"https:\/\/lephenixfrance.com\/\",\"name\":\"Le Phenix - Chambres et table d&#039;h\\u00f4te\",\"description\":\"Chambres et table d&#039;h\\u00f4te in South West France\",\"inLanguage\":\"fr-FR\"},{\"@type\":\"WebPage\",\"@id\":\"https:\/\/lephenixfrance.com\/fr\/nos-chambres\/#webpage\",\"url\":\"https:\/\/lephenixfrance.com\/fr\/nos-chambres\/\",\"name\":\"Nos Chambres - Le Phenix - Chambres et table d&#039;h\\u00f4te\",\"isPartOf\":{\"@id\":\"https:\/\/lephenixfrance.com\/#website\"},\"datePublished\":\"2013-11-03T20:54:34+00:00\",\"dateModified\":\"2013-12-08T17:17:38+00:00\",\"inLanguage\":\"fr-FR\",\"potentialAction\":[{\"@type\":\"ReadAction\",\"target\":[\"https:\/\/lephenixfrance.com\/fr\/nos-chambres\/\"]}]}]}<\/script>\n<!-- \/ Yoast SEO plugin. -->","_links":{"self":[{"href":"https:\/\/lephenixfrance.com\/fr\/wp-json\/wp\/v2\/pages\/222","targetHints":{"allow":["GET"]}}],"collection":[{"href":"https:\/\/lephenixfrance.com\/fr\/wp-json\/wp\/v2\/pages"}],"about":[{"href":"https:\/\/lephenixfrance.com\/fr\/wp-json\/wp\/v2\/types\/page"}],"author":[{"embeddable":true,"href":"https:\/\/lephenixfrance.com\/fr\/wp-json\/wp\/v2\/users\/3"}],"replies":[{"embeddable":true,"href":"https:\/\/lephenixfrance.com\/fr\/wp-json\/wp\/v2\/comments?post=222"}],"version-history":[{"count":0,"href":"https:\/\/lephenixfrance.com\/fr\/wp-json\/wp\/v2\/pages\/222\/revisions"}],"wp:attachment":[{"href":"https:\/\/lephenixfrance.com\/fr\/wp-json\/wp\/v2\/media?parent=222"}],"curies":[{"name":"wp","href":"https:\/\/api.w.org\/{rel}","templated":true}]}}