{"id":225,"date":"2013-11-03T21:01:25","date_gmt":"2013-11-03T21:01:25","guid":{"rendered":"http:\/\/lephenix.wpengine.com\/?page_id=225"},"modified":"2013-12-08T17:18:24","modified_gmt":"2013-12-08T17:18:24","slug":"cigogne","status":"publish","type":"page","link":"https:\/\/lephenixfrance.com\/fr\/nos-chambres\/cigogne\/","title":{"rendered":"Cigogne"},"content":{"rendered":"<p>Une chambre double avec salle de bains avec vues sur la piscine.<\/p>\n<p>Situ\u00e9e au premier \u00e9tage, il s&rsquo;agit d&rsquo;une chambre tr\u00e8s jolie avec un lit double en fer traditionnel. Une salle de bain attenante avec baignoire (et douche s\u00e9par\u00e9e), lavabo et toilettes, avec serviettes, peignoirs et des produits de toilette de Graine de Pastel. Un s\u00e8che cheveux, fer et planche \u00e0 repasser sont \u00e9galement disponibles si n\u00e9cessaire. WiFi est disponible gratuitement dans toute la maison.<\/p>\n","protected":false},"excerpt":{"rendered":"<p>Une chambre double avec salle de bains avec vues sur la piscine. Situ\u00e9e au premier \u00e9tage, il s&rsquo;agit d&rsquo;une chambre tr\u00e8s jolie avec un lit double en fer traditionnel. Une salle de bain attenante avec baignoire (et douche s\u00e9par\u00e9e), lavabo et toilettes, avec serviettes, peignoirs et des produits de toilette de Graine de Pastel. Un&hellip;<\/p>\n","protected":false},"author":3,"featured_media":0,"parent":222,"menu_order":0,"comment_status":"closed","ping_status":"closed","template":"","meta":[],"class_list":["post-225","page","type-page","status-publish","hentry","description-off"],"yoast_head":"<!-- This site is optimized with the Yoast SEO plugin v15.6.2 - https:\/\/yoast.com\/wordpress\/plugins\/seo\/ -->\n<title>Cigogne - Le Phenix - Chambres et table d&#039;h\u00f4te<\/title>\n<meta name=\"robots\" content=\"index, follow, max-snippet:-1, max-image-preview:large, max-video-preview:-1\" \/>\n<link rel=\"canonical\" href=\"https:\/\/lephenixfrance.com\/fr\/nos-chambres\/cigogne\/\" \/>\n<meta property=\"og:locale\" content=\"fr_FR\" \/>\n<meta property=\"og:type\" content=\"article\" \/>\n<meta property=\"og:title\" content=\"Cigogne - Le Phenix - Chambres et table d&#039;h\u00f4te\" \/>\n<meta property=\"og:description\" content=\"Une chambre double avec salle de bains avec vues sur la piscine. Situ\u00e9e au premier \u00e9tage, il s&rsquo;agit d&rsquo;une chambre tr\u00e8s jolie avec un lit double en fer traditionnel. Une salle de bain attenante avec baignoire (et douche s\u00e9par\u00e9e), lavabo et toilettes, avec serviettes, peignoirs et des produits de toilette de Graine de Pastel. Un&hellip;\" \/>\n<meta property=\"og:url\" content=\"https:\/\/lephenixfrance.com\/fr\/nos-chambres\/cigogne\/\" \/>\n<meta property=\"og:site_name\" content=\"Le Phenix - Chambres et table d&#039;h\u00f4te\" \/>\n<meta property=\"article:modified_time\" content=\"2013-12-08T17:18:24+00:00\" \/>\n<script type=\"application\/ld+json\" class=\"yoast-schema-graph\">{\"@context\":\"https:\/\/schema.org\",\"@graph\":[{\"@type\":\"WebSite\",\"@id\":\"https:\/\/lephenixfrance.com\/#website\",\"url\":\"https:\/\/lephenixfrance.com\/\",\"name\":\"Le Phenix - Chambres et table d&#039;h\\u00f4te\",\"description\":\"Chambres et table d&#039;h\\u00f4te in South West France\",\"inLanguage\":\"fr-FR\"},{\"@type\":\"WebPage\",\"@id\":\"https:\/\/lephenixfrance.com\/fr\/nos-chambres\/cigogne\/#webpage\",\"url\":\"https:\/\/lephenixfrance.com\/fr\/nos-chambres\/cigogne\/\",\"name\":\"Cigogne - Le Phenix - Chambres et table d&#039;h\\u00f4te\",\"isPartOf\":{\"@id\":\"https:\/\/lephenixfrance.com\/#website\"},\"datePublished\":\"2013-11-03T21:01:25+00:00\",\"dateModified\":\"2013-12-08T17:18:24+00:00\",\"inLanguage\":\"fr-FR\",\"potentialAction\":[{\"@type\":\"ReadAction\",\"target\":[\"https:\/\/lephenixfrance.com\/fr\/nos-chambres\/cigogne\/\"]}]}]}<\/script>\n<!-- \/ Yoast SEO plugin. -->","_links":{"self":[{"href":"https:\/\/lephenixfrance.com\/fr\/wp-json\/wp\/v2\/pages\/225","targetHints":{"allow":["GET"]}}],"collection":[{"href":"https:\/\/lephenixfrance.com\/fr\/wp-json\/wp\/v2\/pages"}],"about":[{"href":"https:\/\/lephenixfrance.com\/fr\/wp-json\/wp\/v2\/types\/page"}],"author":[{"embeddable":true,"href":"https:\/\/lephenixfrance.com\/fr\/wp-json\/wp\/v2\/users\/3"}],"replies":[{"embeddable":true,"href":"https:\/\/lephenixfrance.com\/fr\/wp-json\/wp\/v2\/comments?post=225"}],"version-history":[{"count":0,"href":"https:\/\/lephenixfrance.com\/fr\/wp-json\/wp\/v2\/pages\/225\/revisions"}],"up":[{"embeddable":true,"href":"https:\/\/lephenixfrance.com\/fr\/wp-json\/wp\/v2\/pages\/222"}],"wp:attachment":[{"href":"https:\/\/lephenixfrance.com\/fr\/wp-json\/wp\/v2\/media?parent=225"}],"curies":[{"name":"wp","href":"https:\/\/api.w.org\/{rel}","templated":true}]}}