{"id":246,"date":"2013-11-03T21:27:18","date_gmt":"2013-11-03T21:27:18","guid":{"rendered":"http:\/\/lephenix.wpengine.com\/?page_id=246"},"modified":"2013-12-08T17:21:08","modified_gmt":"2013-12-08T17:21:08","slug":"le-colombier","status":"publish","type":"page","link":"https:\/\/lephenixfrance.com\/fr\/nos-chambres\/le-colombier\/","title":{"rendered":"Le Colombier"},"content":{"rendered":"<p>Situ\u00e9e au deuxi\u00e8me \u00e9tage, cet\u00a0\u00a0ensemble de pi\u00e8ces magnifiques\u00a0est accessible par un escalier priv\u00e9. \u00a0Une grande chambre avec un lit king size, et un lit simple avec un deuxi\u00e8me lit simple en dessous. \u00a0 Une deuxi\u00e8me chambre avec deux lits simples. Une grande salle de bains contemporaine avec baignoire\u00a0(et douche s\u00e9par\u00e9e), lavabo et toilette.<\/p>\n","protected":false},"excerpt":{"rendered":"<p>Situ\u00e9e au deuxi\u00e8me \u00e9tage, cet\u00a0\u00a0ensemble de pi\u00e8ces magnifiques\u00a0est accessible par un escalier priv\u00e9. \u00a0Une grande chambre avec un lit king size, et un lit simple avec un deuxi\u00e8me lit simple en dessous. \u00a0 Une deuxi\u00e8me chambre avec deux lits simples. Une grande salle de bains contemporaine avec baignoire\u00a0(et douche s\u00e9par\u00e9e), lavabo et toilette.<\/p>\n","protected":false},"author":3,"featured_media":0,"parent":222,"menu_order":0,"comment_status":"closed","ping_status":"closed","template":"","meta":[],"class_list":["post-246","page","type-page","status-publish","hentry","description-off"],"yoast_head":"<!-- This site is optimized with the Yoast SEO plugin v15.6.2 - https:\/\/yoast.com\/wordpress\/plugins\/seo\/ -->\n<title>Le Colombier - Le Phenix - Chambres et table d&#039;h\u00f4te<\/title>\n<meta name=\"robots\" content=\"index, follow, max-snippet:-1, max-image-preview:large, max-video-preview:-1\" \/>\n<link rel=\"canonical\" href=\"https:\/\/lephenixfrance.com\/fr\/nos-chambres\/le-colombier\/\" \/>\n<meta property=\"og:locale\" content=\"fr_FR\" \/>\n<meta property=\"og:type\" content=\"article\" \/>\n<meta property=\"og:title\" content=\"Le Colombier - Le Phenix - Chambres et table d&#039;h\u00f4te\" \/>\n<meta property=\"og:description\" content=\"Situ\u00e9e au deuxi\u00e8me \u00e9tage, cet\u00a0\u00a0ensemble de pi\u00e8ces magnifiques\u00a0est accessible par un escalier priv\u00e9. \u00a0Une grande chambre avec un lit king size, et un lit simple avec un deuxi\u00e8me lit simple en dessous. \u00a0 Une deuxi\u00e8me chambre avec deux lits simples. Une grande salle de bains contemporaine avec baignoire\u00a0(et douche s\u00e9par\u00e9e), lavabo et toilette.\" \/>\n<meta property=\"og:url\" content=\"https:\/\/lephenixfrance.com\/fr\/nos-chambres\/le-colombier\/\" \/>\n<meta property=\"og:site_name\" content=\"Le Phenix - Chambres et table d&#039;h\u00f4te\" \/>\n<meta property=\"article:modified_time\" content=\"2013-12-08T17:21:08+00:00\" \/>\n<script type=\"application\/ld+json\" class=\"yoast-schema-graph\">{\"@context\":\"https:\/\/schema.org\",\"@graph\":[{\"@type\":\"WebSite\",\"@id\":\"https:\/\/lephenixfrance.com\/#website\",\"url\":\"https:\/\/lephenixfrance.com\/\",\"name\":\"Le Phenix - Chambres et table d&#039;h\\u00f4te\",\"description\":\"Chambres et table d&#039;h\\u00f4te in South West France\",\"inLanguage\":\"fr-FR\"},{\"@type\":\"WebPage\",\"@id\":\"https:\/\/lephenixfrance.com\/fr\/nos-chambres\/le-colombier\/#webpage\",\"url\":\"https:\/\/lephenixfrance.com\/fr\/nos-chambres\/le-colombier\/\",\"name\":\"Le Colombier - Le Phenix - Chambres et table d&#039;h\\u00f4te\",\"isPartOf\":{\"@id\":\"https:\/\/lephenixfrance.com\/#website\"},\"datePublished\":\"2013-11-03T21:27:18+00:00\",\"dateModified\":\"2013-12-08T17:21:08+00:00\",\"inLanguage\":\"fr-FR\",\"potentialAction\":[{\"@type\":\"ReadAction\",\"target\":[\"https:\/\/lephenixfrance.com\/fr\/nos-chambres\/le-colombier\/\"]}]}]}<\/script>\n<!-- \/ Yoast SEO plugin. -->","_links":{"self":[{"href":"https:\/\/lephenixfrance.com\/fr\/wp-json\/wp\/v2\/pages\/246","targetHints":{"allow":["GET"]}}],"collection":[{"href":"https:\/\/lephenixfrance.com\/fr\/wp-json\/wp\/v2\/pages"}],"about":[{"href":"https:\/\/lephenixfrance.com\/fr\/wp-json\/wp\/v2\/types\/page"}],"author":[{"embeddable":true,"href":"https:\/\/lephenixfrance.com\/fr\/wp-json\/wp\/v2\/users\/3"}],"replies":[{"embeddable":true,"href":"https:\/\/lephenixfrance.com\/fr\/wp-json\/wp\/v2\/comments?post=246"}],"version-history":[{"count":0,"href":"https:\/\/lephenixfrance.com\/fr\/wp-json\/wp\/v2\/pages\/246\/revisions"}],"up":[{"embeddable":true,"href":"https:\/\/lephenixfrance.com\/fr\/wp-json\/wp\/v2\/pages\/222"}],"wp:attachment":[{"href":"https:\/\/lephenixfrance.com\/fr\/wp-json\/wp\/v2\/media?parent=246"}],"curies":[{"name":"wp","href":"https:\/\/api.w.org\/{rel}","templated":true}]}}