{"id":501,"date":"2013-12-08T19:16:58","date_gmt":"2013-12-08T19:16:58","guid":{"rendered":"http:\/\/lephenix.wpengine.com\/?page_id=501"},"modified":"2013-12-08T19:32:55","modified_gmt":"2013-12-08T19:32:55","slug":"politique-de-confidentialite","status":"publish","type":"page","link":"https:\/\/lephenixfrance.com\/fr\/politique-de-confidentialite\/","title":{"rendered":"Politique de confidentialit\u00e9"},"content":{"rendered":"<p>Cette politique de confidentialit\u00e9 r\u00e9git la mani\u00e8re dont Le Phenix recueille, utilise , conserve et divulgue les renseignements recueillis aupr\u00e8s des utilisateurs du site du Phenix.co.uk (\u00ab\u00a0Site\u00a0\u00bb ). \u00a0Cette politique de confidentialit\u00e9 s&rsquo;applique au site et tous les produits et services offerts par Le Phenix .<\/p>\n<p>Informations d&rsquo;identification personnelle:<\/p>\n<p>Nous pouvons collecter des informations d&rsquo;identification personnelles des utilisateurs dans une vari\u00e9t\u00e9 de fa\u00e7ons, y compris , mais sans s&rsquo;y limiter. \u00a0Lorsque les utilisateurs visitent notre site ,passer une commande, vous abonner \u00e0 la newsletter, remplir un formulaire , et en relation avec d&rsquo;autres activit\u00e9s, services, caract\u00e9ristiques ou ressources nous mettent \u00e0 disposition sur notre site . Les utilisateurs peuvent \u00eatre invit\u00e9s pour, le cas \u00e9ch\u00e9ant, nom, adresse e-mail, adresse postale, num\u00e9ro de t\u00e9l\u00e9phone, num\u00e9ro de carte de cr\u00e9dit. Les utilisateurs peuvent, toutefois, visitez notre site de fa\u00e7on anonyme . Nous recueillons des informations d&rsquo;identification personnelle aupr\u00e8s des utilisateurs que s&rsquo;ils se soumettent volontairement de tels renseignements . Les utilisateurs peuvent toujours refuser de fournir des informations personnelles d&rsquo;identification , sauf qu&rsquo;il peut les emp\u00eacher de se livrer \u00e0 certaines activit\u00e9s du site li\u00e9 .<\/p>\n<p>Informations d&rsquo;identification non personnelles:<\/p>\n<p>Nous pouvons collecter des informations non personnelles d&rsquo;identification sur les utilisateurs quand ils interagissent avec notre site . Informations d&rsquo;identification non personnelles peuvent inclure le nom du navigateur, le type d&rsquo;ordinateur et des informations techniques sur les utilisateurs des moyens de connexion \u00e0 notre site, telles que le syst\u00e8me d&rsquo;exploitation et les fournisseurs de services Internet utilis\u00e9s et d&rsquo;autres informations similaires .<\/p>\n<p>Navigateur Web biscuits:<\/p>\n<p>Notre site peut utiliser des \u00ab\u00a0cookies\u00a0\u00bb pour am\u00e9liorer l&rsquo;exp\u00e9rience de l&rsquo;utilisateur . Le navigateur web de l&rsquo;utilisateur place des cookies sur leur disque dur \u00e0 des fins de tenue de dossiers et parfois pour suivre les informations \u00e0 leur sujet. \u00a0L&rsquo;utilisateur peut choisir de mettre leur navigateur pour refuser les cookies, ou pour vous alerter lorsque des cookies sont envoy\u00e9s . Si elles le font, notez que certaines parties du site peuvent ne pas fonctionner correctement.<\/p>\n<p>Comment nous utilisons les informations collect\u00e9es:<\/p>\n<p>Le Phenix peut recueillir et utiliser des renseignements personnels des utilisateurs pour les fins suivantes :<\/p>\n<p>&#8211; Pour am\u00e9liorer le service \u00e0 la client\u00e8le les informations que vous fournissez nous aide \u00e0 r\u00e9pondre \u00e0 vos demandes de service \u00e0 la client\u00e8le et les besoins de soutien plus efficace .<br \/>\n&#8211; Afin d&rsquo;am\u00e9liorer notre site nous pouvons utiliser les informations que vous fournissez \u00e0 am\u00e9liorer nos produits et services .<br \/>\n&#8211; Pour le traitement des paiements, nous pouvons utiliser les informations des utilisateurs fournissent eux-m\u00eames lorsque vous placez une commande uniquement pour fournir des services \u00e0 cet ordre. Nous ne partageons pas cette information avec des tiers, sauf dans la mesure n\u00e9cessaire pour fournir le service .<br \/>\n&#8211; Pour lancer une promotion , concours , sondage ou tout autre \u00e9l\u00e9ment du site, pour envoyer des informations des utilisateurs , ils ont accept\u00e9 de recevoir sur des sujets que nous pensons \u00eatre d&rsquo;int\u00e9r\u00eat pour eux .<br \/>\n&#8211; Pour envoyer des courriels p\u00e9riodiques, nous pouvons utiliser l&rsquo;adresse de courrier \u00e9lectronique pour envoyer des informations de l&rsquo;utilisateur et les mises \u00e0 jour relatives \u00e0 leur ordre . Il peut \u00e9galement \u00eatre utilis\u00e9 pour r\u00e9pondre \u00e0 leurs questions , les questions et \/ ou d&rsquo;autres demandes . Si l&rsquo;utilisateur d\u00e9cide de l&rsquo;opt-in \u00e0 notre liste d&rsquo;envoi , ils recevront des courriels qui peuvent inclure des nouvelles de la soci\u00e9t\u00e9 , mises \u00e0 jour , de produits connexes ou des informations de service, etc. \u00a0Si \u00e0 tout moment l&rsquo; utilisateur souhaite plus recevoir de courriels avenir, nous incluons d\u00e9taill\u00e9e d\u00e9sinscrire instructions au bas de chaque e-mail.<br \/>\nComment prot\u00e9geons-nous vos informations:<\/p>\n<p>Nous adoptons des pratiques de collecte de donn\u00e9es, de stockage et de traitement et des mesures de s\u00e9curit\u00e9 pour prot\u00e9ger contre tout acc\u00e8s non autoris\u00e9, modification, divulgation ou destruction de vos informations personnelles, nom d&rsquo;utilisateur, mot de passe, informations de transaction et les donn\u00e9es stock\u00e9es sur notre site .<\/p>\n<p>L&rsquo;\u00e9change de donn\u00e9es sensibles et priv\u00e9es entre le site et ses utilisateurs se produit sur un canal de communication s\u00e9curis\u00e9 SSL et sont crypt\u00e9es et prot\u00e9g\u00e9es avec des signatures num\u00e9riques .<\/p>\n<p>Partage de vos informations personnelles:<\/p>\n<p>Nous ne vendons pas, le commerce, ou louer utilisateurs des informations d&rsquo;identification personnelles \u00e0 des tiers . Nous pouvons partager des informations d\u00e9mographiques agr\u00e9g\u00e9es g\u00e9n\u00e9rique pas li\u00e9 \u00e0 aucune information d&rsquo;identification personnelle concernant les visiteurs et les utilisateurs avec nos partenaires commerciaux, filiales de confiance et des annonceurs pour les fins d\u00e9crites above.we peut utiliser des fournisseurs de services tiers pour nous aider \u00e0 exploiter notre entreprise et le site ou administrer des activit\u00e9s en notre nom , tels que l&rsquo;envoi de lettres d&rsquo;information ou des enqu\u00eates . Nous pouvons partager vos informations avec ces tiers \u00e0 ces fins limit\u00e9es \u00e0 condition que vous nous avez donn\u00e9 votre autorisation .<\/p>\n<p>Sites Web de tiers:<\/p>\n<p>Les utilisateurs peuvent trouver de la publicit\u00e9 ou tout autre contenu sur notre site que le lien vers les sites et services de nos partenaires , fournisseurs, annonceurs , sponsors , conc\u00e9dants de licence et d&rsquo;autres tiers . Nous ne contr\u00f4lons pas le contenu ou les liens qui apparaissent sur \u200b\u200bces sites et ne sont pas responsables des pratiques employ\u00e9es par les sites Web li\u00e9s \u00e0 ou \u00e0 partir de notre site . En outre, ces sites ou services , y compris leur contenu et les liens peuvent \u00eatre en constante \u00e9volution . Ces sites et services peuvent avoir leurs propres politiques de confidentialit\u00e9 et des politiques de service \u00e0 la client\u00e8le . Navigation et l&rsquo;interaction sur tout autre site Web , y compris les sites Web qui ont un lien vers notre site , est soumise \u00e0 ses propres conditions et politiques de ce site web .<\/p>\n<p>Les modifications apport\u00e9es \u00e0 cette politique de confidentialit\u00e9:<\/p>\n<p>Le Phenix a le pouvoir discr\u00e9tionnaire de mettre \u00e0 jour cette politique de confidentialit\u00e9 \u00e0 tout moment . Quand nous le faisons, nous changerons la date de mise \u00e0 jour au bas de cette page . Nous encourageons les utilisateurs \u00e0 v\u00e9rifier fr\u00e9quemment cette page pour tout changement de rester inform\u00e9 de comment nous vous aidons \u00e0 prot\u00e9ger les informations personnelles que nous collectons . Vous reconnaissez et acceptez qu&rsquo;il est de votre responsabilit\u00e9 de r\u00e9viser cette politique de confidentialit\u00e9 p\u00e9riodiquement et prendre conscience des modifications .<\/p>\n<p>Votre acceptation de ces termes:<\/p>\n<p>En utilisant ce site , vous signifiez votre acceptation de cette politique et les termes et conditions . Si vous n&rsquo;acceptez pas cette politique , s&rsquo;il vous pla\u00eet ne pas utiliser notre site . Votre utilisation continue du site apr\u00e8s l&rsquo;affichage des changements \u00e0 cette politique sera consid\u00e9r\u00e9e comme votre acceptation de ces changements .<\/p>\n<p>Nous contacter:<\/p>\n<p>Si vous avez des questions au sujet de cette politique de confidentialit\u00e9, les pratiques de ce site ou vos relations avec ce site , s&rsquo;il vous pla\u00eet contactez-nous au :<\/p>\n<p>lephenix.wpengine.com<br \/>\nLe Ph\u00e9nix Lieu dit La Rivi\u00e8re 81800 Rabastens France<br \/>\n+33563338664<br \/>\ninfo@lephenix.co.uk<\/p>\n<p>Ce document a \u00e9t\u00e9 mise \u00e0 jour le 8 d\u00e9cembre 2013<\/p>\n","protected":false},"excerpt":{"rendered":"<p>Cette politique de confidentialit\u00e9 r\u00e9git la mani\u00e8re dont Le Phenix recueille, utilise , conserve et divulgue les renseignements recueillis aupr\u00e8s des utilisateurs du site du Phenix.co.uk (\u00ab\u00a0Site\u00a0\u00bb ). \u00a0Cette politique de confidentialit\u00e9 s&rsquo;applique au site et tous les produits et services offerts par Le Phenix . Informations d&rsquo;identification personnelle: Nous pouvons collecter des informations d&rsquo;identification&hellip;<\/p>\n","protected":false},"author":3,"featured_media":0,"parent":0,"menu_order":0,"comment_status":"closed","ping_status":"closed","template":"","meta":[],"class_list":["post-501","page","type-page","status-publish","hentry","description-off"],"yoast_head":"<!-- This site is optimized with the Yoast SEO plugin v15.6.2 - https:\/\/yoast.com\/wordpress\/plugins\/seo\/ -->\n<title>Politique de confidentialit\u00e9 - Le Phenix - Chambres et table d&#039;h\u00f4te<\/title>\n<meta name=\"robots\" content=\"index, follow, max-snippet:-1, max-image-preview:large, max-video-preview:-1\" \/>\n<link rel=\"canonical\" href=\"https:\/\/lephenixfrance.com\/fr\/politique-de-confidentialite\/\" \/>\n<meta property=\"og:locale\" content=\"fr_FR\" \/>\n<meta property=\"og:type\" content=\"article\" \/>\n<meta property=\"og:title\" content=\"Politique de confidentialit\u00e9 - Le Phenix - Chambres et table d&#039;h\u00f4te\" \/>\n<meta property=\"og:description\" content=\"Cette politique de confidentialit\u00e9 r\u00e9git la mani\u00e8re dont Le Phenix recueille, utilise , conserve et divulgue les renseignements recueillis aupr\u00e8s des utilisateurs du site du Phenix.co.uk (\u00ab\u00a0Site\u00a0\u00bb ). \u00a0Cette politique de confidentialit\u00e9 s&rsquo;applique au site et tous les produits et services offerts par Le Phenix . Informations d&rsquo;identification personnelle: Nous pouvons collecter des informations d&rsquo;identification&hellip;\" \/>\n<meta property=\"og:url\" content=\"https:\/\/lephenixfrance.com\/fr\/politique-de-confidentialite\/\" \/>\n<meta property=\"og:site_name\" content=\"Le Phenix - Chambres et table d&#039;h\u00f4te\" \/>\n<meta property=\"article:modified_time\" content=\"2013-12-08T19:32:55+00:00\" \/>\n<meta name=\"twitter:label1\" content=\"Dur\u00e9e de lecture est.\">\n\t<meta name=\"twitter:data1\" content=\"6 minutes\">\n<script type=\"application\/ld+json\" class=\"yoast-schema-graph\">{\"@context\":\"https:\/\/schema.org\",\"@graph\":[{\"@type\":\"WebSite\",\"@id\":\"https:\/\/lephenixfrance.com\/#website\",\"url\":\"https:\/\/lephenixfrance.com\/\",\"name\":\"Le Phenix - Chambres et table d&#039;h\\u00f4te\",\"description\":\"Chambres et table d&#039;h\\u00f4te in South West France\",\"inLanguage\":\"fr-FR\"},{\"@type\":\"WebPage\",\"@id\":\"https:\/\/lephenixfrance.com\/fr\/politique-de-confidentialite\/#webpage\",\"url\":\"https:\/\/lephenixfrance.com\/fr\/politique-de-confidentialite\/\",\"name\":\"Politique de confidentialit\\u00e9 - Le Phenix - Chambres et table d&#039;h\\u00f4te\",\"isPartOf\":{\"@id\":\"https:\/\/lephenixfrance.com\/#website\"},\"datePublished\":\"2013-12-08T19:16:58+00:00\",\"dateModified\":\"2013-12-08T19:32:55+00:00\",\"inLanguage\":\"fr-FR\",\"potentialAction\":[{\"@type\":\"ReadAction\",\"target\":[\"https:\/\/lephenixfrance.com\/fr\/politique-de-confidentialite\/\"]}]}]}<\/script>\n<!-- \/ Yoast SEO plugin. -->","_links":{"self":[{"href":"https:\/\/lephenixfrance.com\/fr\/wp-json\/wp\/v2\/pages\/501","targetHints":{"allow":["GET"]}}],"collection":[{"href":"https:\/\/lephenixfrance.com\/fr\/wp-json\/wp\/v2\/pages"}],"about":[{"href":"https:\/\/lephenixfrance.com\/fr\/wp-json\/wp\/v2\/types\/page"}],"author":[{"embeddable":true,"href":"https:\/\/lephenixfrance.com\/fr\/wp-json\/wp\/v2\/users\/3"}],"replies":[{"embeddable":true,"href":"https:\/\/lephenixfrance.com\/fr\/wp-json\/wp\/v2\/comments?post=501"}],"version-history":[{"count":0,"href":"https:\/\/lephenixfrance.com\/fr\/wp-json\/wp\/v2\/pages\/501\/revisions"}],"wp:attachment":[{"href":"https:\/\/lephenixfrance.com\/fr\/wp-json\/wp\/v2\/media?parent=501"}],"curies":[{"name":"wp","href":"https:\/\/api.w.org\/{rel}","templated":true}]}}